{"id":15335,"date":"2023-08-15T19:11:08","date_gmt":"2023-08-15T19:11:08","guid":{"rendered":"https:\/\/mountainstream.co\/bienvenido-a-streamline\/"},"modified":"2025-12-26T08:22:53","modified_gmt":"2025-12-26T08:22:53","slug":"bienvenido-a-streamline","status":"publish","type":"page","link":"https:\/\/mountainstream.co\/es\/bienvenido-a-streamline\/","title":{"rendered":"\u00a1Bienvenido a Streamline!"},"content":{"rendered":"[vc_row type=\u00bbin_container\u00bb full_screen_row_position=\u00bbmiddle\u00bb column_margin=\u00bbdefault\u00bb column_direction=\u00bbdefault\u00bb column_direction_tablet=\u00bbdefault\u00bb column_direction_phone=\u00bbdefault\u00bb scene_position=\u00bbcenter\u00bb text_color=\u00bbdark\u00bb text_align=\u00bbleft\u00bb row_border_radius=\u00bbnone\u00bb row_border_radius_applies=\u00bbbg\u00bb overflow=\u00bbvisible\u00bb overlay_strength=\u00bb0.3&#8243; gradient_direction=\u00bbleft_to_right\u00bb shape_divider_position=\u00bbbottom\u00bb bg_image_animation=\u00bbnone\u00bb][vc_column column_padding=\u00bbpadding-5-percent\u00bb column_padding_tablet=\u00bbinherit\u00bb column_padding_phone=\u00bbinherit\u00bb column_padding_position=\u00bbright\u00bb column_element_direction_desktop=\u00bbdefault\u00bb column_element_spacing=\u00bbdefault\u00bb desktop_text_alignment=\u00bbdefault\u00bb tablet_text_alignment=\u00bbdefault\u00bb phone_text_alignment=\u00bbdefault\u00bb background_color_opacity=\u00bb1&#8243; background_hover_color_opacity=\u00bb1&#8243; column_backdrop_filter=\u00bbnone\u00bb column_shadow=\u00bbnone\u00bb column_border_radius=\u00bbnone\u00bb column_link_target=\u00bb_self\u00bb column_position=\u00bbdefault\u00bb gradient_direction=\u00bbleft_to_right\u00bb overlay_strength=\u00bb0.3&#8243; width=\u00bb1\/4&#8243; tablet_width_inherit=\u00bbdefault\u00bb animation_type=\u00bbdefault\u00bb bg_image_animation=\u00bbnone\u00bb border_type=\u00bbsimple\u00bb column_border_width=\u00bbnone\u00bb column_border_style=\u00bbsolid\u00bb column_padding_type=\u00bbdefault\u00bb gradient_type=\u00bbdefault\u00bb offset=\u00bbvc_hidden-sm vc_hidden-xs\u00bb][vc_widget_sidebar sidebar_id=\u00bbpage-sidebar\u00bb][\/vc_column][vc_column column_padding=\u00bbpadding-2-percent\u00bb column_padding_tablet=\u00bbinherit\u00bb column_padding_phone=\u00bbinherit\u00bb column_padding_position=\u00bbleft\u00bb column_element_direction_desktop=\u00bbdefault\u00bb column_element_spacing=\u00bbdefault\u00bb desktop_text_alignment=\u00bbdefault\u00bb tablet_text_alignment=\u00bbdefault\u00bb phone_text_alignment=\u00bbdefault\u00bb background_color_opacity=\u00bb1&#8243; background_hover_color_opacity=\u00bb1&#8243; column_backdrop_filter=\u00bbnone\u00bb column_shadow=\u00bbnone\u00bb column_border_radius=\u00bbnone\u00bb column_link_target=\u00bb_self\u00bb column_position=\u00bbdefault\u00bb gradient_direction=\u00bbleft_to_right\u00bb overlay_strength=\u00bb0.3&#8243; width=\u00bb3\/4&#8243; tablet_width_inherit=\u00bbdefault\u00bb animation_type=\u00bbdefault\u00bb bg_image_animation=\u00bbnone\u00bb border_type=\u00bbsimple\u00bb column_border_width=\u00bbnone\u00bb column_border_style=\u00bbsolid\u00bb column_padding_type=\u00bbdefault\u00bb gradient_type=\u00bbdefault\u00bb][vc_custom_heading source=\u00bbpost_title\u00bb font_container=\u00bbtag:h1|text_align:left|color:%23113058&#8243; google_fonts=\u00bbfont_family:Ubuntu%3A300%2C300italic%2Cregular%2Citalic%2C500%2C500italic%2C700%2C700italic|font_style:700%20bold%20regular%3A700%3Anormal\u00bb css=\u00bb.vc_custom_1741774358598{padding-bottom: 25px !important;}\u00bb][nectar_responsive_text][\/nectar_responsive_text][vc_row_inner column_margin=\u00bbdefault\u00bb column_direction=\u00bbdefault\u00bb column_direction_tablet=\u00bbdefault\u00bb column_direction_phone=\u00bbdefault\u00bb text_align=\u00bbleft\u00bb row_position=\u00bbdefault\u00bb row_position_tablet=\u00bbinherit\u00bb row_position_phone=\u00bbinherit\u00bb overflow=\u00bbvisible\u00bb pointer_events=\u00bball\u00bb][vc_column_inner column_padding=\u00bbno-extra-padding\u00bb column_padding_tablet=\u00bbinherit\u00bb column_padding_phone=\u00bbinherit\u00bb column_padding_position=\u00bball\u00bb column_element_direction_desktop=\u00bbdefault\u00bb column_element_spacing=\u00bbdefault\u00bb desktop_text_alignment=\u00bbdefault\u00bb tablet_text_alignment=\u00bbdefault\u00bb phone_text_alignment=\u00bbdefault\u00bb background_color_opacity=\u00bb1&#8243; background_hover_color_opacity=\u00bb1&#8243; column_backdrop_filter=\u00bbnone\u00bb column_shadow=\u00bbnone\u00bb column_border_radius=\u00bbnone\u00bb column_link_target=\u00bb_self\u00bb overflow=\u00bbvisible\u00bb gradient_direction=\u00bbleft_to_right\u00bb overlay_strength=\u00bb0.3&#8243; width=\u00bb1\/1&#8243; tablet_width_inherit=\u00bbdefault\u00bb animation_type=\u00bbdefault\u00bb bg_image_animation=\u00bbnone\u00bb border_type=\u00bbsimple\u00bb column_border_width=\u00bbnone\u00bb column_border_style=\u00bbsolid\u00bb][image_with_animation image_url=\u00bb17732&#8243; image_size=\u00bbfull\u00bb animation_type=\u00bbentrance\u00bb animation=\u00bbNone\u00bb animation_movement_type=\u00bbtransform_y\u00bb hover_animation=\u00bbnone\u00bb alignment=\u00bbcenter\u00bb border_radius=\u00bbnone\u00bb box_shadow=\u00bbnone\u00bb image_loading=\u00bbdefault\u00bb max_width=\u00bb100%\u00bb max_width_mobile=\u00bbdefault\u00bb][\/vc_column_inner][\/vc_row_inner][vc_row_inner column_margin=\u00bbdefault\u00bb column_direction=\u00bbdefault\u00bb column_direction_tablet=\u00bbdefault\u00bb column_direction_phone=\u00bbdefault\u00bb text_align=\u00bbleft\u00bb row_position=\u00bbdefault\u00bb row_position_tablet=\u00bbinherit\u00bb row_position_phone=\u00bbinherit\u00bb overflow=\u00bbvisible\u00bb pointer_events=\u00bball\u00bb][vc_column_inner column_padding=\u00bbno-extra-padding\u00bb column_padding_tablet=\u00bbinherit\u00bb column_padding_phone=\u00bbinherit\u00bb column_padding_position=\u00bball\u00bb column_element_direction_desktop=\u00bbdefault\u00bb column_element_spacing=\u00bbdefault\u00bb desktop_text_alignment=\u00bbdefault\u00bb tablet_text_alignment=\u00bbdefault\u00bb phone_text_alignment=\u00bbdefault\u00bb background_color_opacity=\u00bb1&#8243; background_hover_color_opacity=\u00bb1&#8243; column_backdrop_filter=\u00bbnone\u00bb column_shadow=\u00bbnone\u00bb column_border_radius=\u00bbnone\u00bb column_link_target=\u00bb_self\u00bb overflow=\u00bbvisible\u00bb gradient_direction=\u00bbleft_to_right\u00bb overlay_strength=\u00bb0.3&#8243; width=\u00bb1\/1&#8243; tablet_width_inherit=\u00bbdefault\u00bb animation_type=\u00bbdefault\u00bb bg_image_animation=\u00bbnone\u00bb border_type=\u00bbsimple\u00bb column_border_width=\u00bbnone\u00bb column_border_style=\u00bbsolid\u00bb][vc_column_text css_animation=\u00bbnone\u00bb]\n<p style=\"text-align: center;\"><span style=\"font-weight: 400;\">Bienvenido a<strong> Streamline,<\/strong> un ERP completo.<\/span><\/p>\n[\/vc_column_text][\/vc_column_inner][\/vc_row_inner][vc_row_inner column_margin=\u00bbdefault\u00bb column_direction=\u00bbdefault\u00bb column_direction_tablet=\u00bbdefault\u00bb column_direction_phone=\u00bbdefault\u00bb text_align=\u00bbleft\u00bb row_position=\u00bbdefault\u00bb row_position_tablet=\u00bbinherit\u00bb row_position_phone=\u00bbinherit\u00bb overflow=\u00bbvisible\u00bb pointer_events=\u00bball\u00bb][vc_column_inner column_padding=\u00bbpadding-2-percent\u00bb column_padding_tablet=\u00bbinherit\u00bb column_padding_phone=\u00bbinherit\u00bb column_padding_position=\u00bbtop\u00bb column_element_direction_desktop=\u00bbdefault\u00bb column_element_spacing=\u00bbdefault\u00bb desktop_text_alignment=\u00bbdefault\u00bb tablet_text_alignment=\u00bbdefault\u00bb phone_text_alignment=\u00bbdefault\u00bb background_color_opacity=\u00bb1&#8243; background_hover_color_opacity=\u00bb1&#8243; column_backdrop_filter=\u00bbnone\u00bb column_shadow=\u00bbnone\u00bb column_border_radius=\u00bbnone\u00bb column_link_target=\u00bb_self\u00bb overflow=\u00bbvisible\u00bb gradient_direction=\u00bbleft_to_right\u00bb overlay_strength=\u00bb0.3&#8243; width=\u00bb1\/2&#8243; tablet_width_inherit=\u00bbdefault\u00bb animation_type=\u00bbdefault\u00bb bg_image_animation=\u00bbnone\u00bb border_type=\u00bbsimple\u00bb column_border_width=\u00bbnone\u00bb column_border_style=\u00bbsolid\u00bb column_padding_type=\u00bbdefault\u00bb gradient_type=\u00bbdefault\u00bb][vc_column_text css_animation=\u00bbnone\u00bb]\n<p style=\"text-align: left; padding-left: 40px;\"><span style=\"font-weight: 400;\">El programa est\u00e1 dise\u00f1ado de forma l\u00f3gica e intuitiva; Por ejemplo: Para a\u00f1adir<\/span> un nuevo producto, ve al <a href=\"https:\/\/mountainstream.co\/es\/?page_id=15435\"><strong>Cat\u00e1logo de Productos<\/strong><\/a> y selecciona <strong>\u00abA\u00f1adir\u00bb<\/strong>. De forma similar, puedes gestionar clientes desde la Lista de Clientes.<\/p>\n<p style=\"text-align: left; padding-left: 40px;\">Si necesitas un informe de producci\u00f3n, dir\u00edgete al m\u00f3dulo de <strong><a href=\"https:\/\/mountainstream.co\/es\/?page_id=15254\">Producci\u00f3n<\/a><\/strong>.<\/p>\n<p style=\"padding-left: 40px;\"><span style=\"font-weight: 400;\">Te recomendamos utilizar <a href=\"https:\/\/www.google.com\/chrome\/\">Google Chrome<\/a> para una mejor experiencia.<\/span><\/p>\n[\/vc_column_text][\/vc_column_inner][vc_column_inner column_padding=\u00bbpadding-2-percent\u00bb column_padding_tablet=\u00bbinherit\u00bb column_padding_phone=\u00bbinherit\u00bb column_padding_position=\u00bbtop\u00bb column_element_direction_desktop=\u00bbdefault\u00bb column_element_spacing=\u00bbdefault\u00bb desktop_text_alignment=\u00bbdefault\u00bb tablet_text_alignment=\u00bbdefault\u00bb phone_text_alignment=\u00bbdefault\u00bb background_color_opacity=\u00bb1&#8243; background_hover_color_opacity=\u00bb1&#8243; column_backdrop_filter=\u00bbnone\u00bb column_shadow=\u00bbnone\u00bb column_border_radius=\u00bbnone\u00bb column_link_target=\u00bb_self\u00bb overflow=\u00bbvisible\u00bb gradient_direction=\u00bbleft_to_right\u00bb overlay_strength=\u00bb0.3&#8243; width=\u00bb1\/2&#8243; tablet_width_inherit=\u00bbdefault\u00bb animation_type=\u00bbdefault\u00bb bg_image_animation=\u00bbnone\u00bb border_type=\u00bbsimple\u00bb column_border_width=\u00bbnone\u00bb column_border_style=\u00bbsolid\u00bb column_padding_type=\u00bbdefault\u00bb gradient_type=\u00bbdefault\u00bb][vc_column_text css_animation=\u00bbnone\u00bb]\n<p style=\"text-align: left; padding-left: 40px;\">Dedica unos minutos a explorar el men\u00fa de navegaci\u00f3n para obtener una visi\u00f3n r\u00e1pida del programa y su funcionamiento.<\/p>\n<p style=\"padding-left: 40px;\"><span style=\"font-weight: 400;\">Considera crear un enlace directo desde tu sitio web a Streamline para facilitar el acceso a tus clientes y equipo.<\/span><\/p>\n[\/vc_column_text][\/vc_column_inner][\/vc_row_inner][vc_row_inner column_margin=\u00bbdefault\u00bb column_direction=\u00bbdefault\u00bb column_direction_tablet=\u00bbdefault\u00bb column_direction_phone=\u00bbdefault\u00bb text_align=\u00bbleft\u00bb row_position=\u00bbdefault\u00bb row_position_tablet=\u00bbinherit\u00bb row_position_phone=\u00bbinherit\u00bb overflow=\u00bbvisible\u00bb pointer_events=\u00bball\u00bb][vc_column_inner column_padding=\u00bbpadding-5-percent\u00bb column_padding_tablet=\u00bbinherit\u00bb column_padding_phone=\u00bbinherit\u00bb column_padding_position=\u00bbtop\u00bb column_element_direction_desktop=\u00bbdefault\u00bb column_element_spacing=\u00bbdefault\u00bb centered_text=\u00bbtrue\u00bb desktop_text_alignment=\u00bbdefault\u00bb tablet_text_alignment=\u00bbdefault\u00bb phone_text_alignment=\u00bbdefault\u00bb background_color_opacity=\u00bb1&#8243; background_hover_color_opacity=\u00bb1&#8243; column_backdrop_filter=\u00bbnone\u00bb column_shadow=\u00bbnone\u00bb column_border_radius=\u00bbnone\u00bb column_link_target=\u00bb_self\u00bb overflow=\u00bbvisible\u00bb gradient_direction=\u00bbleft_to_right\u00bb overlay_strength=\u00bb0.3&#8243; width=\u00bb1\/1&#8243; tablet_width_inherit=\u00bbdefault\u00bb animation_type=\u00bbdefault\u00bb bg_image_animation=\u00bbnone\u00bb border_type=\u00bbsimple\u00bb column_border_width=\u00bbnone\u00bb column_border_style=\u00bbsolid\u00bb column_padding_type=\u00bbdefault\u00bb gradient_type=\u00bbdefault\u00bb][divider line_type=\u00bbFull Width Line\u00bb line_thickness=\u00bb1&#8243; divider_color=\u00bbdefault\u00bb][\/vc_column_inner][\/vc_row_inner][vc_row_inner column_margin=\u00bbdefault\u00bb column_direction=\u00bbdefault\u00bb column_direction_tablet=\u00bbdefault\u00bb column_direction_phone=\u00bbdefault\u00bb text_align=\u00bbcenter\u00bb row_position=\u00bbdefault\u00bb row_position_tablet=\u00bbinherit\u00bb row_position_phone=\u00bbinherit\u00bb overflow=\u00bbvisible\u00bb pointer_events=\u00bball\u00bb][vc_column_inner column_element_direction_desktop=\u00bbhorizontal\u00bb column_element_direction_tablet=\u00bbhorizontal\u00bb column_element_direction_phone=\u00bbhorizontal\u00bb column_element_alignment=\u00bbcenter\u00bb column_element_spacing=\u00bbdefault\u00bb desktop_text_alignment=\u00bbcenter\u00bb tablet_text_alignment=\u00bbdefault\u00bb phone_text_alignment=\u00bbdefault\u00bb background_color_opacity=\u00bb1&#8243; background_hover_color_opacity=\u00bb1&#8243; column_backdrop_filter=\u00bbnone\u00bb column_shadow=\u00bbnone\u00bb column_border_radius=\u00bbnone\u00bb column_link_target=\u00bb_self\u00bb overflow=\u00bbvisible\u00bb gradient_direction=\u00bbleft_to_right\u00bb overlay_strength=\u00bb0.3&#8243; width=\u00bb1\/1&#8243; tablet_width_inherit=\u00bbdefault\u00bb animation_type=\u00bbdefault\u00bb bg_image_animation=\u00bbnone\u00bb border_type=\u00bbsimple\u00bb column_border_width=\u00bbnone\u00bb column_border_style=\u00bbsolid\u00bb column_padding_type=\u00bbadvanced\u00bb gradient_type=\u00bbdefault\u00bb][vc_widget_sidebar sidebar_id=\u00bbslide-out-widget-area\u00bb][\/vc_column_inner][\/vc_row_inner][\/vc_column][\/vc_row]\n","protected":false},"excerpt":{"rendered":"<p>[vc_row type=\u00bbin_container\u00bb full_screen_row_position=\u00bbmiddle\u00bb column_margin=\u00bbdefault\u00bb column_direction=\u00bbdefault\u00bb column_direction_tablet=\u00bbdefault\u00bb column_direction_phone=\u00bbdefault\u00bb scene_position=\u00bbcenter\u00bb text_color=\u00bbdark\u00bb text_align=\u00bbleft\u00bb row_border_radius=\u00bbnone\u00bb row_border_radius_applies=\u00bbbg\u00bb overflow=\u00bbvisible\u00bb overlay_strength=\u00bb0.3&#8243; gradient_direction=\u00bbleft_to_right\u00bb shape_divider_position=\u00bbbottom\u00bb bg_image_animation=\u00bbnone\u00bb][vc_column column_padding=\u00bbpadding-5-percent\u00bb column_padding_tablet=\u00bbinherit\u00bb column_padding_phone=\u00bbinherit\u00bb column_padding_position=\u00bbright\u00bb column_element_direction_desktop=\u00bbdefault\u00bb column_element_spacing=\u00bbdefault\u00bb desktop_text_alignment=\u00bbdefault\u00bb tablet_text_alignment=\u00bbdefault\u00bb phone_text_alignment=\u00bbdefault\u00bb background_color_opacity=\u00bb1&#8243; background_hover_color_opacity=\u00bb1&#8243; column_backdrop_filter=\u00bbnone\u00bb column_shadow=\u00bbnone\u00bb&#8230;<\/p>\n","protected":false},"author":7,"featured_media":18033,"parent":0,"menu_order":0,"comment_status":"closed","ping_status":"closed","template":"","meta":{"footnotes":""},"class_list":["post-15335","page","type-page","status-publish","has-post-thumbnail"],"yoast_head":"<!-- This site is optimized with the Yoast SEO Premium plugin v27.2 (Yoast SEO v27.3) - https:\/\/yoast.com\/product\/yoast-seo-premium-wordpress\/ -->\r\n<title>\u00a1Bienvenido a Streamline! - Mountain Stream<\/title>\r\n<meta name=\"description\" content=\"Bienvenido a Streamline\" \/>\r\n<meta name=\"robots\" content=\"index, follow, max-snippet:-1, max-image-preview:large, max-video-preview:-1\" \/>\r\n<link rel=\"canonical\" href=\"https:\/\/mountainstream.co\/es\/bienvenido-a-streamline\/\" \/>\r\n<meta property=\"og:locale\" content=\"es_ES\" \/>\r\n<meta property=\"og:type\" content=\"article\" \/>\r\n<meta property=\"og:title\" content=\"\u00a1Bienvenido a Streamline!\" \/>\r\n<meta property=\"og:description\" content=\"Bienvenido a Streamline\" \/>\r\n<meta property=\"og:url\" content=\"https:\/\/mountainstream.co\/es\/bienvenido-a-streamline\/\" \/>\r\n<meta property=\"og:site_name\" content=\"Mountain Stream\" \/>\r\n<meta property=\"article:publisher\" content=\"https:\/\/www.facebook.com\/MountainStreamUSA\/\" \/>\r\n<meta property=\"article:modified_time\" content=\"2025-12-26T08:22:53+00:00\" \/>\r\n<meta property=\"og:image\" content=\"https:\/\/mountainstream.co\/wp-content\/uploads\/2025\/01\/Streamline-Bakery-ERP-Solution.png\" \/>\r\n\t<meta property=\"og:image:width\" content=\"1920\" \/>\r\n\t<meta property=\"og:image:height\" content=\"1080\" \/>\r\n\t<meta property=\"og:image:type\" content=\"image\/png\" \/>\r\n<meta name=\"twitter:card\" content=\"summary_large_image\" \/>\r\n<meta name=\"twitter:site\" content=\"@mountainstream_\" \/>\r\n<meta name=\"twitter:label1\" content=\"Tiempo de lectura\" \/>\n\t<meta name=\"twitter:data1\" content=\"1 minuto\" \/>\r\n<script type=\"application\/ld+json\" class=\"yoast-schema-graph\">{\"@context\":\"https:\\\/\\\/schema.org\",\"@graph\":[{\"@type\":\"WebPage\",\"@id\":\"https:\\\/\\\/mountainstream.co\\\/es\\\/bienvenido-a-streamline\\\/\",\"url\":\"https:\\\/\\\/mountainstream.co\\\/es\\\/bienvenido-a-streamline\\\/\",\"name\":\"\u00a1Bienvenido a Streamline! - Mountain Stream\",\"isPartOf\":{\"@id\":\"https:\\\/\\\/mountainstream.co\\\/es\\\/#website\"},\"primaryImageOfPage\":{\"@id\":\"https:\\\/\\\/mountainstream.co\\\/es\\\/bienvenido-a-streamline\\\/#primaryimage\"},\"image\":{\"@id\":\"https:\\\/\\\/mountainstream.co\\\/es\\\/bienvenido-a-streamline\\\/#primaryimage\"},\"thumbnailUrl\":\"https:\\\/\\\/mountainstream.co\\\/wp-content\\\/uploads\\\/2025\\\/01\\\/Streamline-Bakery-ERP-Solution.png\",\"datePublished\":\"2023-08-15T19:11:08+00:00\",\"dateModified\":\"2025-12-26T08:22:53+00:00\",\"description\":\"Bienvenido a Streamline\",\"breadcrumb\":{\"@id\":\"https:\\\/\\\/mountainstream.co\\\/es\\\/bienvenido-a-streamline\\\/#breadcrumb\"},\"inLanguage\":\"es\",\"potentialAction\":[{\"@type\":\"ReadAction\",\"target\":[\"https:\\\/\\\/mountainstream.co\\\/es\\\/bienvenido-a-streamline\\\/\"]}]},{\"@type\":\"ImageObject\",\"inLanguage\":\"es\",\"@id\":\"https:\\\/\\\/mountainstream.co\\\/es\\\/bienvenido-a-streamline\\\/#primaryimage\",\"url\":\"https:\\\/\\\/mountainstream.co\\\/wp-content\\\/uploads\\\/2025\\\/01\\\/Streamline-Bakery-ERP-Solution.png\",\"contentUrl\":\"https:\\\/\\\/mountainstream.co\\\/wp-content\\\/uploads\\\/2025\\\/01\\\/Streamline-Bakery-ERP-Solution.png\",\"width\":1920,\"height\":1080,\"caption\":\"Streamline - Bakery ERP Solution\"},{\"@type\":\"BreadcrumbList\",\"@id\":\"https:\\\/\\\/mountainstream.co\\\/es\\\/bienvenido-a-streamline\\\/#breadcrumb\",\"itemListElement\":[{\"@type\":\"ListItem\",\"position\":1,\"name\":\"Home\",\"item\":\"https:\\\/\\\/mountainstream.co\\\/es\\\/\"},{\"@type\":\"ListItem\",\"position\":2,\"name\":\"\u00a1Bienvenido a Streamline!\"}]},{\"@type\":\"WebSite\",\"@id\":\"https:\\\/\\\/mountainstream.co\\\/es\\\/#website\",\"url\":\"https:\\\/\\\/mountainstream.co\\\/es\\\/\",\"name\":\"Mountain Stream Bakery Software\",\"description\":\"Revolutionize the way you run your business\",\"publisher\":{\"@id\":\"https:\\\/\\\/mountainstream.co\\\/es\\\/#organization\"},\"alternateName\":\"Mountain Stream\",\"potentialAction\":[{\"@type\":\"SearchAction\",\"target\":{\"@type\":\"EntryPoint\",\"urlTemplate\":\"https:\\\/\\\/mountainstream.co\\\/es\\\/?s={search_term_string}\"},\"query-input\":{\"@type\":\"PropertyValueSpecification\",\"valueRequired\":true,\"valueName\":\"search_term_string\"}}],\"inLanguage\":\"es\"},{\"@type\":\"Organization\",\"@id\":\"https:\\\/\\\/mountainstream.co\\\/es\\\/#organization\",\"name\":\"Mountain Stream Bakery Software\",\"alternateName\":\"Mountain Stream\",\"url\":\"https:\\\/\\\/mountainstream.co\\\/es\\\/\",\"logo\":{\"@type\":\"ImageObject\",\"inLanguage\":\"es\",\"@id\":\"https:\\\/\\\/mountainstream.co\\\/es\\\/#\\\/schema\\\/logo\\\/image\\\/\",\"url\":\"https:\\\/\\\/mountainstream.co\\\/wp-content\\\/uploads\\\/2025\\\/03\\\/mountain-stream-bakery-software-logo.png\",\"contentUrl\":\"https:\\\/\\\/mountainstream.co\\\/wp-content\\\/uploads\\\/2025\\\/03\\\/mountain-stream-bakery-software-logo.png\",\"width\":1761,\"height\":1843,\"caption\":\"Mountain Stream Bakery Software\"},\"image\":{\"@id\":\"https:\\\/\\\/mountainstream.co\\\/es\\\/#\\\/schema\\\/logo\\\/image\\\/\"},\"sameAs\":[\"https:\\\/\\\/www.facebook.com\\\/MountainStreamUSA\\\/\",\"https:\\\/\\\/x.com\\\/mountainstream_\",\"https:\\\/\\\/www.instagram.com\\\/mountainstreamsoftware\\\/\",\"https:\\\/\\\/vimeo.com\\\/mountainstreamnyc\"],\"description\":\"Mountain Stream helps wholesale food manufacturers and distributors solve all their needs in one ERP: Streamline connects unlimited users at company and customer level and generates all reports, as well as billing. Inventory management, purchase orders, supply chain traceability and lot tracking. Recipes, costings, Nutritional Facts, Allergens and labels. Track delivery trays left with customers and send instant PoD\u2019s. API links to Quickbooks and Xero. Support 24\\\/7 in English & Spanish.\",\"email\":\"victoria@mountainstream.co\",\"telephone\":\"+1 (646) 757 1010\",\"legalName\":\"Mountain Stream\",\"foundingDate\":\"2011-01-01\",\"numberOfEmployees\":{\"@type\":\"QuantitativeValue\",\"minValue\":\"11\",\"maxValue\":\"50\"}}]}<\/script>\r\n<!-- \/ Yoast SEO Premium plugin. -->","yoast_head_json":{"title":"\u00a1Bienvenido a Streamline! - Mountain Stream","description":"Bienvenido a Streamline","robots":{"index":"index","follow":"follow","max-snippet":"max-snippet:-1","max-image-preview":"max-image-preview:large","max-video-preview":"max-video-preview:-1"},"canonical":"https:\/\/mountainstream.co\/es\/bienvenido-a-streamline\/","og_locale":"es_ES","og_type":"article","og_title":"\u00a1Bienvenido a Streamline!","og_description":"Bienvenido a Streamline","og_url":"https:\/\/mountainstream.co\/es\/bienvenido-a-streamline\/","og_site_name":"Mountain Stream","article_publisher":"https:\/\/www.facebook.com\/MountainStreamUSA\/","article_modified_time":"2025-12-26T08:22:53+00:00","og_image":[{"width":1920,"height":1080,"url":"https:\/\/mountainstream.co\/wp-content\/uploads\/2025\/01\/Streamline-Bakery-ERP-Solution.png","type":"image\/png"}],"twitter_card":"summary_large_image","twitter_site":"@mountainstream_","twitter_misc":{"Tiempo de lectura":"1 minuto"},"schema":{"@context":"https:\/\/schema.org","@graph":[{"@type":"WebPage","@id":"https:\/\/mountainstream.co\/es\/bienvenido-a-streamline\/","url":"https:\/\/mountainstream.co\/es\/bienvenido-a-streamline\/","name":"\u00a1Bienvenido a Streamline! - Mountain Stream","isPartOf":{"@id":"https:\/\/mountainstream.co\/es\/#website"},"primaryImageOfPage":{"@id":"https:\/\/mountainstream.co\/es\/bienvenido-a-streamline\/#primaryimage"},"image":{"@id":"https:\/\/mountainstream.co\/es\/bienvenido-a-streamline\/#primaryimage"},"thumbnailUrl":"https:\/\/mountainstream.co\/wp-content\/uploads\/2025\/01\/Streamline-Bakery-ERP-Solution.png","datePublished":"2023-08-15T19:11:08+00:00","dateModified":"2025-12-26T08:22:53+00:00","description":"Bienvenido a Streamline","breadcrumb":{"@id":"https:\/\/mountainstream.co\/es\/bienvenido-a-streamline\/#breadcrumb"},"inLanguage":"es","potentialAction":[{"@type":"ReadAction","target":["https:\/\/mountainstream.co\/es\/bienvenido-a-streamline\/"]}]},{"@type":"ImageObject","inLanguage":"es","@id":"https:\/\/mountainstream.co\/es\/bienvenido-a-streamline\/#primaryimage","url":"https:\/\/mountainstream.co\/wp-content\/uploads\/2025\/01\/Streamline-Bakery-ERP-Solution.png","contentUrl":"https:\/\/mountainstream.co\/wp-content\/uploads\/2025\/01\/Streamline-Bakery-ERP-Solution.png","width":1920,"height":1080,"caption":"Streamline - Bakery ERP Solution"},{"@type":"BreadcrumbList","@id":"https:\/\/mountainstream.co\/es\/bienvenido-a-streamline\/#breadcrumb","itemListElement":[{"@type":"ListItem","position":1,"name":"Home","item":"https:\/\/mountainstream.co\/es\/"},{"@type":"ListItem","position":2,"name":"\u00a1Bienvenido a Streamline!"}]},{"@type":"WebSite","@id":"https:\/\/mountainstream.co\/es\/#website","url":"https:\/\/mountainstream.co\/es\/","name":"Mountain Stream Bakery Software","description":"Revolutionize the way you run your business","publisher":{"@id":"https:\/\/mountainstream.co\/es\/#organization"},"alternateName":"Mountain Stream","potentialAction":[{"@type":"SearchAction","target":{"@type":"EntryPoint","urlTemplate":"https:\/\/mountainstream.co\/es\/?s={search_term_string}"},"query-input":{"@type":"PropertyValueSpecification","valueRequired":true,"valueName":"search_term_string"}}],"inLanguage":"es"},{"@type":"Organization","@id":"https:\/\/mountainstream.co\/es\/#organization","name":"Mountain Stream Bakery Software","alternateName":"Mountain Stream","url":"https:\/\/mountainstream.co\/es\/","logo":{"@type":"ImageObject","inLanguage":"es","@id":"https:\/\/mountainstream.co\/es\/#\/schema\/logo\/image\/","url":"https:\/\/mountainstream.co\/wp-content\/uploads\/2025\/03\/mountain-stream-bakery-software-logo.png","contentUrl":"https:\/\/mountainstream.co\/wp-content\/uploads\/2025\/03\/mountain-stream-bakery-software-logo.png","width":1761,"height":1843,"caption":"Mountain Stream Bakery Software"},"image":{"@id":"https:\/\/mountainstream.co\/es\/#\/schema\/logo\/image\/"},"sameAs":["https:\/\/www.facebook.com\/MountainStreamUSA\/","https:\/\/x.com\/mountainstream_","https:\/\/www.instagram.com\/mountainstreamsoftware\/","https:\/\/vimeo.com\/mountainstreamnyc"],"description":"Mountain Stream helps wholesale food manufacturers and distributors solve all their needs in one ERP: Streamline connects unlimited users at company and customer level and generates all reports, as well as billing. Inventory management, purchase orders, supply chain traceability and lot tracking. Recipes, costings, Nutritional Facts, Allergens and labels. Track delivery trays left with customers and send instant PoD\u2019s. API links to Quickbooks and Xero. Support 24\/7 in English & Spanish.","email":"victoria@mountainstream.co","telephone":"+1 (646) 757 1010","legalName":"Mountain Stream","foundingDate":"2011-01-01","numberOfEmployees":{"@type":"QuantitativeValue","minValue":"11","maxValue":"50"}}]}},"_links":{"self":[{"href":"https:\/\/mountainstream.co\/es\/wp-json\/wp\/v2\/pages\/15335","targetHints":{"allow":["GET"]}}],"collection":[{"href":"https:\/\/mountainstream.co\/es\/wp-json\/wp\/v2\/pages"}],"about":[{"href":"https:\/\/mountainstream.co\/es\/wp-json\/wp\/v2\/types\/page"}],"author":[{"embeddable":true,"href":"https:\/\/mountainstream.co\/es\/wp-json\/wp\/v2\/users\/7"}],"replies":[{"embeddable":true,"href":"https:\/\/mountainstream.co\/es\/wp-json\/wp\/v2\/comments?post=15335"}],"version-history":[{"count":20,"href":"https:\/\/mountainstream.co\/es\/wp-json\/wp\/v2\/pages\/15335\/revisions"}],"predecessor-version":[{"id":24827,"href":"https:\/\/mountainstream.co\/es\/wp-json\/wp\/v2\/pages\/15335\/revisions\/24827"}],"wp:featuredmedia":[{"embeddable":true,"href":"https:\/\/mountainstream.co\/es\/wp-json\/wp\/v2\/media\/18033"}],"wp:attachment":[{"href":"https:\/\/mountainstream.co\/es\/wp-json\/wp\/v2\/media?parent=15335"}],"curies":[{"name":"wp","href":"https:\/\/api.w.org\/{rel}","templated":true}]}}