{"id":15230,"date":"2023-12-01T20:48:53","date_gmt":"2023-12-01T20:48:53","guid":{"rendered":"https:\/\/mountainstream.co\/descargo-de-responsabilidad\/"},"modified":"2024-09-10T05:06:14","modified_gmt":"2024-09-10T05:06:14","slug":"descargo-de-responsabilidad","status":"publish","type":"page","link":"https:\/\/mountainstream.co\/es\/descargo-de-responsabilidad\/","title":{"rendered":"Descargo de responsabilidad"},"content":{"rendered":"[vc_row type=\u00bbin_container\u00bb full_screen_row_position=\u00bbmiddle\u00bb column_margin=\u00bbdefault\u00bb column_direction=\u00bbdefault\u00bb column_direction_tablet=\u00bbdefault\u00bb column_direction_phone=\u00bbdefault\u00bb scene_position=\u00bbcenter\u00bb text_color=\u00bbdark\u00bb text_align=\u00bbleft\u00bb row_border_radius=\u00bbnone\u00bb row_border_radius_applies=\u00bbbg\u00bb overflow=\u00bbvisible\u00bb overlay_strength=\u00bb0.3&#8243; gradient_direction=\u00bbleft_to_right\u00bb shape_divider_position=\u00bbbottom\u00bb bg_image_animation=\u00bbnone\u00bb][vc_column column_padding=\u00bbpadding-5-percent\u00bb column_padding_tablet=\u00bbinherit\u00bb column_padding_phone=\u00bbinherit\u00bb column_padding_position=\u00bbright\u00bb column_element_direction_desktop=\u00bbdefault\u00bb column_element_spacing=\u00bbdefault\u00bb desktop_text_alignment=\u00bbdefault\u00bb tablet_text_alignment=\u00bbdefault\u00bb phone_text_alignment=\u00bbdefault\u00bb background_color_opacity=\u00bb1&#8243; background_hover_color_opacity=\u00bb1&#8243; column_backdrop_filter=\u00bbnone\u00bb column_shadow=\u00bbnone\u00bb column_border_radius=\u00bbnone\u00bb column_link_target=\u00bb_self\u00bb column_position=\u00bbdefault\u00bb gradient_direction=\u00bbleft_to_right\u00bb overlay_strength=\u00bb0.3&#8243; width=\u00bb1\/4&#8243; tablet_width_inherit=\u00bbdefault\u00bb animation_type=\u00bbdefault\u00bb bg_image_animation=\u00bbnone\u00bb border_type=\u00bbsimple\u00bb column_border_width=\u00bbnone\u00bb column_border_style=\u00bbsolid\u00bb column_padding_type=\u00bbdefault\u00bb gradient_type=\u00bbdefault\u00bb offset=\u00bbvc_hidden-sm vc_hidden-xs\u00bb][vc_widget_sidebar sidebar_id=\u00bbfooter-area-3&#8243;][\/vc_column][vc_column column_padding=\u00bbno-extra-padding\u00bb column_padding_tablet=\u00bbinherit\u00bb column_padding_phone=\u00bbinherit\u00bb column_padding_position=\u00bball\u00bb column_element_direction_desktop=\u00bbdefault\u00bb column_element_spacing=\u00bbdefault\u00bb desktop_text_alignment=\u00bbdefault\u00bb tablet_text_alignment=\u00bbdefault\u00bb phone_text_alignment=\u00bbdefault\u00bb background_color_opacity=\u00bb1&#8243; background_hover_color_opacity=\u00bb1&#8243; column_backdrop_filter=\u00bbnone\u00bb column_shadow=\u00bbnone\u00bb column_border_radius=\u00bbnone\u00bb column_link_target=\u00bb_self\u00bb column_position=\u00bbdefault\u00bb gradient_direction=\u00bbleft_to_right\u00bb overlay_strength=\u00bb0.3&#8243; width=\u00bb3\/4&#8243; tablet_width_inherit=\u00bbdefault\u00bb animation_type=\u00bbdefault\u00bb bg_image_animation=\u00bbnone\u00bb border_type=\u00bbsimple\u00bb column_border_width=\u00bbnone\u00bb column_border_style=\u00bbsolid\u00bb][vc_custom_heading source=\u00bbpost_title\u00bb font_container=\u00bbtag:h1|text_align:left|color:%23113058&#8243; use_theme_fonts=\u00bbyes\u00bb css=\u00bb.vc_custom_1701463855900{padding-bottom: 20px !important;}\u00bb][vc_custom_heading text=\u00bbEl siguiente descargo de responsabilidad rige la relaci\u00f3n entre este sitio web y sus visitantes\u00bb font_container=\u00bbtag:h4|text_align:left|color:%2301a7e2&#8243; use_theme_fonts=\u00bbyes\u00bb css=\u00bb.vc_custom_1701463933503{padding-bottom: 30px !important;}\u00bb][vc_row_inner column_margin=\u00bbdefault\u00bb column_direction=\u00bbdefault\u00bb column_direction_tablet=\u00bbdefault\u00bb column_direction_phone=\u00bbdefault\u00bb left_padding_desktop=\u00bb3%\u00bb text_align=\u00bbleft\u00bb row_position=\u00bbdefault\u00bb row_position_tablet=\u00bbinherit\u00bb row_position_phone=\u00bbinherit\u00bb overflow=\u00bbvisible\u00bb pointer_events=\u00bball\u00bb][vc_column_inner column_padding=\u00bbno-extra-padding\u00bb column_padding_tablet=\u00bbinherit\u00bb column_padding_phone=\u00bbinherit\u00bb column_padding_position=\u00bball\u00bb column_element_direction_desktop=\u00bbdefault\u00bb column_element_spacing=\u00bbdefault\u00bb desktop_text_alignment=\u00bbdefault\u00bb tablet_text_alignment=\u00bbdefault\u00bb phone_text_alignment=\u00bbdefault\u00bb background_color_opacity=\u00bb1&#8243; background_hover_color_opacity=\u00bb1&#8243; column_backdrop_filter=\u00bbnone\u00bb column_shadow=\u00bbnone\u00bb column_border_radius=\u00bbnone\u00bb column_link_target=\u00bb_self\u00bb overflow=\u00bbvisible\u00bb gradient_direction=\u00bbleft_to_right\u00bb overlay_strength=\u00bb0.3&#8243; width=\u00bb1\/1&#8243; tablet_width_inherit=\u00bbdefault\u00bb animation_type=\u00bbdefault\u00bb bg_image_animation=\u00bbnone\u00bb border_type=\u00bbsimple\u00bb column_border_width=\u00bbnone\u00bb column_border_style=\u00bbsolid\u00bb][vc_column_text css=\u00bb.vc_custom_1701464901781{padding-bottom: 30px !important;}\u00bb]La informaci\u00f3n contenida en este sitio web s\u00f3lo tiene fines de informaci\u00f3n general.<br \/>\nLa informaci\u00f3n es proporcionada por Mountain Stream y, aunque nos esforzamos por mantener la informaci\u00f3n actualizada y correcta, no hacemos representaciones ni garant\u00edas de ning\u00fan tipo, expresas o impl\u00edcitas, sobre la integridad, exactitud, fiabilidad, adecuaci\u00f3n o disponibilidad con respecto al sitio web o la informaci\u00f3n, productos, servicios o gr\u00e1ficos relacionados contenidos en el sitio web para cualquier prop\u00f3sito.<br \/>\nPor lo tanto, cualquier confianza que deposites en dicha informaci\u00f3n es estrictamente por tu cuenta y riesgo.  <\/p>\n<p>En ning\u00fan caso seremos responsables de ninguna p\u00e9rdida o da\u00f1o, incluyendo, sin limitaci\u00f3n, p\u00e9rdidas o da\u00f1os indirectos o consecuentes, o cualquier p\u00e9rdida o da\u00f1o derivado de la p\u00e9rdida de datos o beneficios que surjan de, o est\u00e9n relacionados con, el uso de este sitio web.<\/p>\n<p>A trav\u00e9s de este sitio web puedes enlazar con otros sitios web que no est\u00e1n bajo el control de Mountain Stream.<br \/>\nNo tenemos ning\u00fan control sobre la naturaleza, el contenido y la disponibilidad de esos sitios.<br \/>\nLa inclusi\u00f3n de cualquier enlace no implica necesariamente una recomendaci\u00f3n ni respalda las opiniones expresadas en ellos.  <\/p>\n<p>Hacemos todo lo posible para que el sitio web funcione correctamente.<br \/>\nSin embargo, Mountain Stream no se hace responsable de que el sitio web no est\u00e9 disponible temporalmente debido a problemas t\u00e9cnicos ajenos a nuestro control.[\/vc_column_text][divider line_type=\u00bbNo Line\u00bb][vc_custom_heading text=\u00bbGracias por tomarte la molestia de comprender nuestro Descargo de responsabilidad.\u00bb font_container=\u00bbtag:p|text_align:left|color:%23000000&#8243; use_theme_fonts=\u00bbyes\u00bb][\/vc_column_inner][\/vc_row_inner][\/vc_column][\/vc_row][vc_row type=\u00bbin_container\u00bb full_screen_row_position=\u00bbmiddle\u00bb column_margin=\u00bbdefault\u00bb column_direction=\u00bbdefault\u00bb column_direction_tablet=\u00bbdefault\u00bb column_direction_phone=\u00bbdefault\u00bb scene_position=\u00bbcenter\u00bb text_color=\u00bbdark\u00bb text_align=\u00bbleft\u00bb row_border_radius=\u00bbnone\u00bb row_border_radius_applies=\u00bbbg\u00bb overflow=\u00bbvisible\u00bb overlay_strength=\u00bb0.3&#8243; gradient_direction=\u00bbleft_to_right\u00bb shape_divider_position=\u00bbbottom\u00bb bg_image_animation=\u00bbnone\u00bb][vc_column column_padding=\u00bbno-extra-padding\u00bb column_padding_tablet=\u00bbinherit\u00bb column_padding_phone=\u00bbinherit\u00bb column_padding_position=\u00bball\u00bb column_element_direction_desktop=\u00bbdefault\u00bb column_element_spacing=\u00bbdefault\u00bb desktop_text_alignment=\u00bbdefault\u00bb tablet_text_alignment=\u00bbdefault\u00bb phone_text_alignment=\u00bbdefault\u00bb background_color_opacity=\u00bb1&#8243; background_hover_color_opacity=\u00bb1&#8243; column_backdrop_filter=\u00bbnone\u00bb column_shadow=\u00bbnone\u00bb column_border_radius=\u00bbnone\u00bb column_link_target=\u00bb_self\u00bb column_position=\u00bbdefault\u00bb gradient_direction=\u00bbleft_to_right\u00bb overlay_strength=\u00bb0.3&#8243; width=\u00bb1\/1&#8243; tablet_width_inherit=\u00bbdefault\u00bb animation_type=\u00bbdefault\u00bb bg_image_animation=\u00bbnone\u00bb border_type=\u00bbsimple\u00bb column_border_width=\u00bbnone\u00bb column_border_style=\u00bbsolid\u00bb][divider line_type=\u00bbFull Width Line\u00bb line_thickness=\u00bb1&#8243; divider_color=\u00bbdefault\u00bb custom_height=\u00bb100&#8243;][\/vc_column][\/vc_row]\n","protected":false},"excerpt":{"rendered":"<p>[vc_row type=\u00bbin_container\u00bb full_screen_row_position=\u00bbmiddle\u00bb column_margin=\u00bbdefault\u00bb column_direction=\u00bbdefault\u00bb column_direction_tablet=\u00bbdefault\u00bb column_direction_phone=\u00bbdefault\u00bb scene_position=\u00bbcenter\u00bb text_color=\u00bbdark\u00bb text_align=\u00bbleft\u00bb row_border_radius=\u00bbnone\u00bb row_border_radius_applies=\u00bbbg\u00bb overflow=\u00bbvisible\u00bb overlay_strength=\u00bb0.3&#8243; gradient_direction=\u00bbleft_to_right\u00bb shape_divider_position=\u00bbbottom\u00bb bg_image_animation=\u00bbnone\u00bb][vc_column column_padding=\u00bbpadding-5-percent\u00bb column_padding_tablet=\u00bbinherit\u00bb column_padding_phone=\u00bbinherit\u00bb column_padding_position=\u00bbright\u00bb column_element_direction_desktop=\u00bbdefault\u00bb column_element_spacing=\u00bbdefault\u00bb desktop_text_alignment=\u00bbdefault\u00bb tablet_text_alignment=\u00bbdefault\u00bb phone_text_alignment=\u00bbdefault\u00bb background_color_opacity=\u00bb1&#8243; background_hover_color_opacity=\u00bb1&#8243; column_backdrop_filter=\u00bbnone\u00bb column_shadow=\u00bbnone\u00bb&#8230;<\/p>\n","protected":false},"author":7,"featured_media":0,"parent":0,"menu_order":0,"comment_status":"closed","ping_status":"closed","template":"","meta":{"footnotes":""},"class_list":["post-15230","page","type-page","status-publish"],"yoast_head":"<!-- This site is optimized with the Yoast SEO Premium plugin v27.4 (Yoast SEO v27.4) - https:\/\/yoast.com\/product\/yoast-seo-premium-wordpress\/ -->\r\n<title>Descargo de responsabilidad - Mountain Stream<\/title>\r\n<meta name=\"description\" content=\"Descargo de responsabilidad\" \/>\r\n<meta name=\"robots\" content=\"index, follow, max-snippet:-1, max-image-preview:large, max-video-preview:-1\" \/>\r\n<link rel=\"canonical\" href=\"https:\/\/mountainstream.co\/es\/descargo-de-responsabilidad\/\" \/>\r\n<meta property=\"og:locale\" content=\"es_ES\" \/>\r\n<meta property=\"og:type\" content=\"article\" \/>\r\n<meta property=\"og:title\" content=\"Descargo de responsabilidad\" \/>\r\n<meta property=\"og:description\" content=\"Descargo de responsabilidad\" \/>\r\n<meta property=\"og:url\" content=\"https:\/\/mountainstream.co\/es\/descargo-de-responsabilidad\/\" \/>\r\n<meta property=\"og:site_name\" content=\"Mountain Stream\" \/>\r\n<meta property=\"article:publisher\" content=\"https:\/\/www.facebook.com\/MountainStreamUSA\/\" \/>\r\n<meta property=\"article:modified_time\" content=\"2024-09-10T05:06:14+00:00\" \/>\r\n<meta property=\"og:image\" content=\"https:\/\/mountainstream.co\/wp-content\/uploads\/2025\/03\/mountain-stream-bakery-software-logo.png\" \/>\r\n\t<meta property=\"og:image:width\" content=\"1761\" \/>\r\n\t<meta property=\"og:image:height\" content=\"1843\" \/>\r\n\t<meta property=\"og:image:type\" content=\"image\/png\" \/>\r\n<meta name=\"twitter:card\" content=\"summary_large_image\" \/>\r\n<meta name=\"twitter:site\" content=\"@mountainstream_\" \/>\r\n<meta name=\"twitter:label1\" content=\"Tiempo de lectura\" \/>\n\t<meta name=\"twitter:data1\" content=\"5 minutos\" \/>\r\n<script type=\"application\/ld+json\" class=\"yoast-schema-graph\">{\"@context\":\"https:\\\/\\\/schema.org\",\"@graph\":[{\"@type\":\"WebPage\",\"@id\":\"https:\\\/\\\/mountainstream.co\\\/es\\\/descargo-de-responsabilidad\\\/\",\"url\":\"https:\\\/\\\/mountainstream.co\\\/es\\\/descargo-de-responsabilidad\\\/\",\"name\":\"Descargo de responsabilidad - Mountain Stream\",\"isPartOf\":{\"@id\":\"https:\\\/\\\/mountainstream.co\\\/es\\\/#website\"},\"datePublished\":\"2023-12-01T20:48:53+00:00\",\"dateModified\":\"2024-09-10T05:06:14+00:00\",\"description\":\"Descargo de responsabilidad\",\"breadcrumb\":{\"@id\":\"https:\\\/\\\/mountainstream.co\\\/es\\\/descargo-de-responsabilidad\\\/#breadcrumb\"},\"inLanguage\":\"es\",\"potentialAction\":[{\"@type\":\"ReadAction\",\"target\":[\"https:\\\/\\\/mountainstream.co\\\/es\\\/descargo-de-responsabilidad\\\/\"]}]},{\"@type\":\"BreadcrumbList\",\"@id\":\"https:\\\/\\\/mountainstream.co\\\/es\\\/descargo-de-responsabilidad\\\/#breadcrumb\",\"itemListElement\":[{\"@type\":\"ListItem\",\"position\":1,\"name\":\"Home\",\"item\":\"https:\\\/\\\/mountainstream.co\\\/es\\\/\"},{\"@type\":\"ListItem\",\"position\":2,\"name\":\"Descargo de responsabilidad\"}]},{\"@type\":\"WebSite\",\"@id\":\"https:\\\/\\\/mountainstream.co\\\/es\\\/#website\",\"url\":\"https:\\\/\\\/mountainstream.co\\\/es\\\/\",\"name\":\"Mountain Stream Bakery Software\",\"description\":\"Revolutionize the way you run your business\",\"publisher\":{\"@id\":\"https:\\\/\\\/mountainstream.co\\\/es\\\/#organization\"},\"alternateName\":\"Mountain Stream\",\"potentialAction\":[{\"@type\":\"SearchAction\",\"target\":{\"@type\":\"EntryPoint\",\"urlTemplate\":\"https:\\\/\\\/mountainstream.co\\\/es\\\/?s={search_term_string}\"},\"query-input\":{\"@type\":\"PropertyValueSpecification\",\"valueRequired\":true,\"valueName\":\"search_term_string\"}}],\"inLanguage\":\"es\"},{\"@type\":\"Organization\",\"@id\":\"https:\\\/\\\/mountainstream.co\\\/es\\\/#organization\",\"name\":\"Mountain Stream Bakery Software\",\"alternateName\":\"Mountain Stream\",\"url\":\"https:\\\/\\\/mountainstream.co\\\/es\\\/\",\"logo\":{\"@type\":\"ImageObject\",\"inLanguage\":\"es\",\"@id\":\"https:\\\/\\\/mountainstream.co\\\/es\\\/#\\\/schema\\\/logo\\\/image\\\/\",\"url\":\"https:\\\/\\\/mountainstream.co\\\/wp-content\\\/uploads\\\/2025\\\/03\\\/mountain-stream-bakery-software-logo.png\",\"contentUrl\":\"https:\\\/\\\/mountainstream.co\\\/wp-content\\\/uploads\\\/2025\\\/03\\\/mountain-stream-bakery-software-logo.png\",\"width\":1761,\"height\":1843,\"caption\":\"Mountain Stream Bakery Software\"},\"image\":{\"@id\":\"https:\\\/\\\/mountainstream.co\\\/es\\\/#\\\/schema\\\/logo\\\/image\\\/\"},\"sameAs\":[\"https:\\\/\\\/www.facebook.com\\\/MountainStreamUSA\\\/\",\"https:\\\/\\\/x.com\\\/mountainstream_\",\"https:\\\/\\\/www.instagram.com\\\/mountainstreamsoftware\\\/\",\"https:\\\/\\\/vimeo.com\\\/mountainstreamnyc\"],\"description\":\"Mountain Stream helps wholesale food manufacturers and distributors solve all their needs in one ERP: Streamline connects unlimited users at company and customer level and generates all reports, as well as billing. Inventory management, purchase orders, supply chain traceability and lot tracking. Recipes, costings, Nutritional Facts, Allergens and labels. Track delivery trays left with customers and send instant PoD\u2019s. API links to Quickbooks and Xero. Support 24\\\/7 in English & Spanish.\",\"email\":\"victoria@mountainstream.co\",\"telephone\":\"+1 (646) 757 1010\",\"legalName\":\"Mountain Stream\",\"foundingDate\":\"2011-01-01\",\"numberOfEmployees\":{\"@type\":\"QuantitativeValue\",\"minValue\":\"11\",\"maxValue\":\"50\"}}]}<\/script>\r\n<!-- \/ Yoast SEO Premium plugin. -->","yoast_head_json":{"title":"Descargo de responsabilidad - Mountain Stream","description":"Descargo de responsabilidad","robots":{"index":"index","follow":"follow","max-snippet":"max-snippet:-1","max-image-preview":"max-image-preview:large","max-video-preview":"max-video-preview:-1"},"canonical":"https:\/\/mountainstream.co\/es\/descargo-de-responsabilidad\/","og_locale":"es_ES","og_type":"article","og_title":"Descargo de responsabilidad","og_description":"Descargo de responsabilidad","og_url":"https:\/\/mountainstream.co\/es\/descargo-de-responsabilidad\/","og_site_name":"Mountain Stream","article_publisher":"https:\/\/www.facebook.com\/MountainStreamUSA\/","article_modified_time":"2024-09-10T05:06:14+00:00","og_image":[{"width":1761,"height":1843,"url":"https:\/\/mountainstream.co\/wp-content\/uploads\/2025\/03\/mountain-stream-bakery-software-logo.png","type":"image\/png"}],"twitter_card":"summary_large_image","twitter_site":"@mountainstream_","twitter_misc":{"Tiempo de lectura":"5 minutos"},"schema":{"@context":"https:\/\/schema.org","@graph":[{"@type":"WebPage","@id":"https:\/\/mountainstream.co\/es\/descargo-de-responsabilidad\/","url":"https:\/\/mountainstream.co\/es\/descargo-de-responsabilidad\/","name":"Descargo de responsabilidad - Mountain Stream","isPartOf":{"@id":"https:\/\/mountainstream.co\/es\/#website"},"datePublished":"2023-12-01T20:48:53+00:00","dateModified":"2024-09-10T05:06:14+00:00","description":"Descargo de responsabilidad","breadcrumb":{"@id":"https:\/\/mountainstream.co\/es\/descargo-de-responsabilidad\/#breadcrumb"},"inLanguage":"es","potentialAction":[{"@type":"ReadAction","target":["https:\/\/mountainstream.co\/es\/descargo-de-responsabilidad\/"]}]},{"@type":"BreadcrumbList","@id":"https:\/\/mountainstream.co\/es\/descargo-de-responsabilidad\/#breadcrumb","itemListElement":[{"@type":"ListItem","position":1,"name":"Home","item":"https:\/\/mountainstream.co\/es\/"},{"@type":"ListItem","position":2,"name":"Descargo de responsabilidad"}]},{"@type":"WebSite","@id":"https:\/\/mountainstream.co\/es\/#website","url":"https:\/\/mountainstream.co\/es\/","name":"Mountain Stream Bakery Software","description":"Revolutionize the way you run your business","publisher":{"@id":"https:\/\/mountainstream.co\/es\/#organization"},"alternateName":"Mountain Stream","potentialAction":[{"@type":"SearchAction","target":{"@type":"EntryPoint","urlTemplate":"https:\/\/mountainstream.co\/es\/?s={search_term_string}"},"query-input":{"@type":"PropertyValueSpecification","valueRequired":true,"valueName":"search_term_string"}}],"inLanguage":"es"},{"@type":"Organization","@id":"https:\/\/mountainstream.co\/es\/#organization","name":"Mountain Stream Bakery Software","alternateName":"Mountain Stream","url":"https:\/\/mountainstream.co\/es\/","logo":{"@type":"ImageObject","inLanguage":"es","@id":"https:\/\/mountainstream.co\/es\/#\/schema\/logo\/image\/","url":"https:\/\/mountainstream.co\/wp-content\/uploads\/2025\/03\/mountain-stream-bakery-software-logo.png","contentUrl":"https:\/\/mountainstream.co\/wp-content\/uploads\/2025\/03\/mountain-stream-bakery-software-logo.png","width":1761,"height":1843,"caption":"Mountain Stream Bakery Software"},"image":{"@id":"https:\/\/mountainstream.co\/es\/#\/schema\/logo\/image\/"},"sameAs":["https:\/\/www.facebook.com\/MountainStreamUSA\/","https:\/\/x.com\/mountainstream_","https:\/\/www.instagram.com\/mountainstreamsoftware\/","https:\/\/vimeo.com\/mountainstreamnyc"],"description":"Mountain Stream helps wholesale food manufacturers and distributors solve all their needs in one ERP: Streamline connects unlimited users at company and customer level and generates all reports, as well as billing. Inventory management, purchase orders, supply chain traceability and lot tracking. Recipes, costings, Nutritional Facts, Allergens and labels. Track delivery trays left with customers and send instant PoD\u2019s. API links to Quickbooks and Xero. Support 24\/7 in English & Spanish.","email":"victoria@mountainstream.co","telephone":"+1 (646) 757 1010","legalName":"Mountain Stream","foundingDate":"2011-01-01","numberOfEmployees":{"@type":"QuantitativeValue","minValue":"11","maxValue":"50"}}]}},"_links":{"self":[{"href":"https:\/\/mountainstream.co\/es\/wp-json\/wp\/v2\/pages\/15230","targetHints":{"allow":["GET"]}}],"collection":[{"href":"https:\/\/mountainstream.co\/es\/wp-json\/wp\/v2\/pages"}],"about":[{"href":"https:\/\/mountainstream.co\/es\/wp-json\/wp\/v2\/types\/page"}],"author":[{"embeddable":true,"href":"https:\/\/mountainstream.co\/es\/wp-json\/wp\/v2\/users\/7"}],"replies":[{"embeddable":true,"href":"https:\/\/mountainstream.co\/es\/wp-json\/wp\/v2\/comments?post=15230"}],"version-history":[{"count":2,"href":"https:\/\/mountainstream.co\/es\/wp-json\/wp\/v2\/pages\/15230\/revisions"}],"predecessor-version":[{"id":15232,"href":"https:\/\/mountainstream.co\/es\/wp-json\/wp\/v2\/pages\/15230\/revisions\/15232"}],"wp:attachment":[{"href":"https:\/\/mountainstream.co\/es\/wp-json\/wp\/v2\/media?parent=15230"}],"curies":[{"name":"wp","href":"https:\/\/api.w.org\/{rel}","templated":true}]}}